{"id":5339,"date":"2016-11-07T18:42:14","date_gmt":"2016-11-07T16:42:14","guid":{"rendered":"https:\/\/nextpicture.cz\/o-nas-kontakt\/"},"modified":"2018-12-30T18:45:29","modified_gmt":"2018-12-30T16:45:29","slug":"contato","status":"publish","type":"page","link":"https:\/\/nextpicture.cz\/pt-pt\/contato\/","title":{"rendered":"Sobre n\u00f3s \/ Contato"},"content":{"rendered":"<p>A NEXT PICTURE \u00e9 uma empresa dedicada \u00e0 produ\u00e7\u00e3o e distribui\u00e7\u00e3o de filmes, espet\u00e1culos teatrais e eventos de arte, com diferentes culturas e subculturas. A NEXT PICTURE foi fundada pelo diretor e produtor Peter Serge Butko, o cinegrafista Vojtech Honig e a manager Eva Bartosova em 2013, em Praga. NEXT PICTURE procura capturar e unir culturas, arte e vida entre diferentes povos em seus projetos, aprofundar seu conhecimento m\u00fatuo e realizar atividades criativas nesse sentido. Atrav\u00e9s de atividades, o NEXT PICTURE quer contribuir para a elimina\u00e7\u00e3o de barreiras entre etnias e culturas, para promover a arte ao vivo e desenvolver a coopera\u00e7\u00e3o e conscientiza\u00e7\u00e3o internacional. O NEXT PICTURE tamb\u00e9m se concentra na realiza\u00e7\u00e3o de apresenta\u00e7\u00f5es teatrais, eventos de artes c\u00eanicas, exposi\u00e7\u00f5es, shows e festivais, muitas vezes em coopera\u00e7\u00e3o com artistas de pa\u00edses menos desenvolvidos. Este site se concentra principalmente nos projetos da NEXT PICTURE. O, bem como nos projetos de seus membros antes da funda\u00e7\u00e3o da associa\u00e7\u00e3o.<\/p>\n","protected":false},"excerpt":{"rendered":"<p>A NEXT PICTURE \u00e9 uma empresa dedicada \u00e0 produ\u00e7\u00e3o e distribui\u00e7\u00e3o de filmes, espet\u00e1culos teatrais e eventos de arte, com diferentes culturas e subculturas. A NEXT PICTURE foi fundada pelo diretor e produtor Peter Serge Butko, o cinegrafista Vojtech Honig e a manager Eva Bartosova em 2013, em Praga. NEXT PICTURE procura capturar e unir [&hellip;]<\/p>\n","protected":false},"author":1,"featured_media":1907,"parent":0,"menu_order":0,"comment_status":"closed","ping_status":"closed","template":"page-contact.php","meta":{"_acf_changed":false,"footnotes":""},"class_list":["post-5339","page","type-page","status-publish","has-post-thumbnail","hentry"],"acf":[],"_links":{"self":[{"href":"https:\/\/nextpicture.cz\/pt-pt\/wp-json\/wp\/v2\/pages\/5339"}],"collection":[{"href":"https:\/\/nextpicture.cz\/pt-pt\/wp-json\/wp\/v2\/pages"}],"about":[{"href":"https:\/\/nextpicture.cz\/pt-pt\/wp-json\/wp\/v2\/types\/page"}],"author":[{"embeddable":true,"href":"https:\/\/nextpicture.cz\/pt-pt\/wp-json\/wp\/v2\/users\/1"}],"replies":[{"embeddable":true,"href":"https:\/\/nextpicture.cz\/pt-pt\/wp-json\/wp\/v2\/comments?post=5339"}],"version-history":[{"count":6,"href":"https:\/\/nextpicture.cz\/pt-pt\/wp-json\/wp\/v2\/pages\/5339\/revisions"}],"predecessor-version":[{"id":6961,"href":"https:\/\/nextpicture.cz\/pt-pt\/wp-json\/wp\/v2\/pages\/5339\/revisions\/6961"}],"wp:featuredmedia":[{"embeddable":true,"href":"https:\/\/nextpicture.cz\/pt-pt\/wp-json\/"}],"wp:attachment":[{"href":"https:\/\/nextpicture.cz\/pt-pt\/wp-json\/wp\/v2\/media?parent=5339"}],"curies":[{"name":"wp","href":"https:\/\/api.w.org\/{rel}","templated":true}]}}