{"id":19174,"date":"2020-03-21T19:24:54","date_gmt":"2020-03-21T17:24:54","guid":{"rendered":"https:\/\/nextpicture.cz\/sonja_film-2\/"},"modified":"2022-02-27T00:14:32","modified_gmt":"2022-02-26T22:14:32","slug":"sonja_film","status":"publish","type":"page","link":"https:\/\/nextpicture.cz\/pt-pt\/sonja_film\/","title":{"rendered":"CINEMA &#8211; ESTRELA SONJA"},"content":{"rendered":"<p align=\"JUSTIFY\"><span style=\"color: #bab6b6;\"><b><span style=\"color: #d4c5c5;\">FILME DOCUMENT\u00c1RIO (55 min.)<\/span><\/b><\/span><\/p>\n<p align=\"JUSTIFY\"><span style=\"color: #c4c2c2;\">O filme conta a hist\u00f3ria de um homem com sinceridade chocante e franqueza na confiss\u00e3o de duas diferentes personalidades, mulher e homem vivendo em um corpo. Nossa estrela nasceu em 1963 num pequeno vilarejo no norte da Rep\u00fablica Tcheca no tempo do profundo comunismo. Depois de seu servi\u00e7o militar, ele teve uma filha. Nessa \u00e9poca, identificado como gay, ele decidiu deixar sua esposa e filha e se mudou para Praga, onde ele come\u00e7ou a explorar a vida noturna da comunidade gay a qual vivia em sigilo da sociedade convencional. Com o apelido de Sonia Butterfly, ele come\u00e7ou a realizar seus sonhos e desejos. Sonia se tornou um membro do popular grupo de travesti chamado Butterflies e com cinco anos ela se lan\u00e7ou como uma verdadeira estrela. No meio dos anos 90, o grupo era um dos melhores na cena das boates Tchecoslovacas. As performances deles nos cabar\u00e9s eram esgotadas, bilhetes comprados com semanas de anteced\u00eancia, eles participavam em shows de TV com artistas populares. Sonia experimentou um per\u00edodo de gl\u00f3ria e ela estava gostando da nova vida luxuosa. <strong>Mas s\u00f3 como um homem vestido num vestido de mulher nas luzes do cabar\u00e9. O homem \u00e9 chamado Lubos e ele teve que lutar dramaticamente com a vida da Sonia.<\/strong> O filme \u00e9 no formato de uma entrevista com arquivos \u00fanicos e o retorno \u00fanico ao palco em 2012, membros do grupo se viram depois de 10 anos e o evento foi especialmente feito para o filme. Entrevistas foram conduzidas nos anos 1996 \u2013 2005. Cada epis\u00f3dio de sua vida Sonia descreve vestida de suas preferidas cantoras. A \u00faltima entrevista de 2013 foi feita com sua personalidade masculina, como Lubos. Sonia n\u00e3o existe mais, e Lubos tem que viver por conta pr\u00f3pria como um homem.<\/span><\/p>\n","protected":false},"excerpt":{"rendered":"<p>FILME DOCUMENT\u00c1RIO (55 min.) O filme conta a hist\u00f3ria de um homem com sinceridade chocante e franqueza na confiss\u00e3o de duas diferentes personalidades, mulher e homem vivendo em um corpo. Nossa estrela nasceu em 1963 num pequeno vilarejo no norte da Rep\u00fablica Tcheca no tempo do profundo comunismo. Depois de seu servi\u00e7o militar, ele teve [&hellip;]<\/p>\n","protected":false},"author":1,"featured_media":8468,"parent":0,"menu_order":0,"comment_status":"closed","ping_status":"closed","template":"page-movie.php","meta":{"_acf_changed":false,"footnotes":""},"class_list":["post-19174","page","type-page","status-publish","has-post-thumbnail","hentry"],"acf":[],"_links":{"self":[{"href":"https:\/\/nextpicture.cz\/pt-pt\/wp-json\/wp\/v2\/pages\/19174"}],"collection":[{"href":"https:\/\/nextpicture.cz\/pt-pt\/wp-json\/wp\/v2\/pages"}],"about":[{"href":"https:\/\/nextpicture.cz\/pt-pt\/wp-json\/wp\/v2\/types\/page"}],"author":[{"embeddable":true,"href":"https:\/\/nextpicture.cz\/pt-pt\/wp-json\/wp\/v2\/users\/1"}],"replies":[{"embeddable":true,"href":"https:\/\/nextpicture.cz\/pt-pt\/wp-json\/wp\/v2\/comments?post=19174"}],"version-history":[{"count":1,"href":"https:\/\/nextpicture.cz\/pt-pt\/wp-json\/wp\/v2\/pages\/19174\/revisions"}],"predecessor-version":[{"id":19820,"href":"https:\/\/nextpicture.cz\/pt-pt\/wp-json\/wp\/v2\/pages\/19174\/revisions\/19820"}],"wp:featuredmedia":[{"embeddable":true,"href":"https:\/\/nextpicture.cz\/pt-pt\/wp-json\/wp\/v2\/media\/8468"}],"wp:attachment":[{"href":"https:\/\/nextpicture.cz\/pt-pt\/wp-json\/wp\/v2\/media?parent=19174"}],"curies":[{"name":"wp","href":"https:\/\/api.w.org\/{rel}","templated":true}]}}