{"id":17202,"date":"2020-03-21T19:24:54","date_gmt":"2020-03-21T17:24:54","guid":{"rendered":"https:\/\/nextpicture.cz\/sonja_film\/"},"modified":"2022-02-26T00:15:42","modified_gmt":"2022-02-25T22:15:42","slug":"indios_vid","status":"publish","type":"page","link":"https:\/\/nextpicture.cz\/pt-pt\/indios_vid\/","title":{"rendered":"O SOM DO CORA\u00c7\u00c3O DOS IND\u00cdGENAS"},"content":{"rendered":"<p><span style=\"color: #999999;\">O projeto comunit\u00e1rio multig\u00eanero foi implantado na periferia de Vit\u00f3ria, no estado brasileiro do Esp\u00edrito Santo, nos anos de 2021-2022. A inspira\u00e7\u00e3o foi o congo &#8211; um instrumento tradicional que \u00e9 muito popular nesta \u00e1rea e tamb\u00e9m hist\u00f3rias brasileiras, especialmente o destino dos habitantes originais do Brasil. O projeto envolveu artistas, m\u00fasicos, dan\u00e7arinos, atores e grafiteiros, profissionais jovens de localidades exclu\u00eddas \u2013 favela. A pandemia parou o projeto, mas no futuro deve ser relan\u00e7ado nos parques da regi\u00e3o e nas favelas. O v\u00eddeo fornece uma grava\u00e7\u00e3o abreviada do projeto. Durante o trabalho do projeto, foi criado um curta-document\u00e1rio Filhos da Favela para o programa Queer da Televis\u00e3o Tcheca, que tamb\u00e9m foi selecionado para o prestigiado Festival de Cinema Brasileiro. O autor do conceito e diretor do projeto \u00e9 Peter Serge Butko. O projeto contou com o apoio da Prefeitura de Vila Velha, da Lei Aldir Blanc e do Centro Cultural Tambor de Congo.<\/span><\/p>\n","protected":false},"excerpt":{"rendered":"<p>O projeto comunit\u00e1rio multig\u00eanero foi implantado na periferia de Vit\u00f3ria, no estado brasileiro do Esp\u00edrito Santo, nos anos de 2021-2022. A inspira\u00e7\u00e3o foi o congo &#8211; um instrumento tradicional que \u00e9 muito popular nesta \u00e1rea e tamb\u00e9m hist\u00f3rias brasileiras, especialmente o destino dos habitantes originais do Brasil. O projeto envolveu artistas, m\u00fasicos, dan\u00e7arinos, atores e [&hellip;]<\/p>\n","protected":false},"author":1,"featured_media":8468,"parent":0,"menu_order":0,"comment_status":"closed","ping_status":"closed","template":"page-movie.php","meta":{"_acf_changed":false,"footnotes":""},"class_list":["post-17202","page","type-page","status-publish","has-post-thumbnail","hentry"],"acf":[],"_links":{"self":[{"href":"https:\/\/nextpicture.cz\/pt-pt\/wp-json\/wp\/v2\/pages\/17202"}],"collection":[{"href":"https:\/\/nextpicture.cz\/pt-pt\/wp-json\/wp\/v2\/pages"}],"about":[{"href":"https:\/\/nextpicture.cz\/pt-pt\/wp-json\/wp\/v2\/types\/page"}],"author":[{"embeddable":true,"href":"https:\/\/nextpicture.cz\/pt-pt\/wp-json\/wp\/v2\/users\/1"}],"replies":[{"embeddable":true,"href":"https:\/\/nextpicture.cz\/pt-pt\/wp-json\/wp\/v2\/comments?post=17202"}],"version-history":[{"count":6,"href":"https:\/\/nextpicture.cz\/pt-pt\/wp-json\/wp\/v2\/pages\/17202\/revisions"}],"predecessor-version":[{"id":19076,"href":"https:\/\/nextpicture.cz\/pt-pt\/wp-json\/wp\/v2\/pages\/17202\/revisions\/19076"}],"wp:featuredmedia":[{"embeddable":true,"href":"https:\/\/nextpicture.cz\/pt-pt\/wp-json\/wp\/v2\/media\/8468"}],"wp:attachment":[{"href":"https:\/\/nextpicture.cz\/pt-pt\/wp-json\/wp\/v2\/media?parent=17202"}],"curies":[{"name":"wp","href":"https:\/\/api.w.org\/{rel}","templated":true}]}}