{"id":18861,"date":"2020-03-21T19:24:54","date_gmt":"2020-03-21T17:24:54","guid":{"rendered":"https:\/\/nextpicture.cz\/sonja_film-3\/"},"modified":"2022-02-25T21:26:44","modified_gmt":"2022-02-25T19:26:44","slug":"sonja_film","status":"publish","type":"page","link":"https:\/\/nextpicture.cz\/es\/sonja_film\/","title":{"rendered":"CINE &#8211; SONJA"},"content":{"rendered":"<p align=\"JUSTIFY\"><span style=\"color: #bab6b6;\"><b><span style=\"color: #d4c5c5;\"><span style=\"color: #bab6b6;\">PEL\u00cdCULA DOCUMENTAL<\/span><\/span><span style=\"color: #d4c5c5;\"> (55 min.)<\/span><\/b><\/span><\/p>\n<p align=\"JUSTIFY\"><span style=\"color: #c2c0c0;\">La pel\u00edcula cuenta la historia de un hombre con sinceridad y franqueza impactantes en la confesi\u00f3n de dos personalidades diferentes, la mujer y el hombre que viven en un solo cuerpo. Nuestra estrella naci\u00f3 en 1963 en un peque\u00f1o pueblo en el norte de la Rep\u00fablica Checa en una \u00e9poca de comunismo profundo. Despu\u00e9s de su servicio militar, tuvo una hija. En ese momento, identificado como gay, decidi\u00f3 dejar a su esposa e hija y se mud\u00f3 a Praga, donde comenz\u00f3 a explorar la vida nocturna de la comunidad gay que viv\u00eda en secreto de la sociedad convencional. Con el apodo de Sonia Butterfly, comenz\u00f3 a cumplir sus sue\u00f1os y deseos. Sonia se convirti\u00f3 en miembro del popular grupo de travestis llamado Mariposas y a los cinco a\u00f1os se lanz\u00f3 como una verdadera estrella. A mediados de los 90, el grupo era uno de los mejores en la escena del club nocturno checoslovaco. Sus actuaciones en los cabarets se agotaban, las entradas se compraban con semanas de anticipaci\u00f3n, participaban en programas de televisi\u00f3n con artistas populares. <strong>Sonia experiment\u00f3 un per\u00edodo de gloria y estaba disfrutando de la nueva vida lujosa. Pero s\u00f3lo como un hombre vestido con un vestido de mujer a la luz del cabaret. El hombre se llama Lubos y tuvo que luchar dram\u00e1ticamente con la vida de Sonia.<\/strong> La pel\u00edcula tiene el formato de una entrevista con archivos \u00fanicos y el \u00fanico regreso al escenario en 2012, los miembros del grupo se vieron despu\u00e9s de 10 a\u00f1os y el evento fue hecho especialmente para la pel\u00edcula. Las entrevistas se llevaron a cabo en los a\u00f1os 1996 &#8211; 2005. Cada episodio de su vida describe a Sonia vestida como sus cantantes favoritas. La \u00faltima entrevista de 2013 se realiz\u00f3 con su personalidad masculina, como Lubos. Sonia ya no existe, y Lubos tiene que vivir solo como hombre.<\/span><\/p>\n","protected":false},"excerpt":{"rendered":"<p>PEL\u00cdCULA DOCUMENTAL (55 min.) La pel\u00edcula cuenta la historia de un hombre con sinceridad y franqueza impactantes en la confesi\u00f3n de dos personalidades diferentes, la mujer y el hombre que viven en un solo cuerpo. Nuestra estrella naci\u00f3 en 1963 en un peque\u00f1o pueblo en el norte de la Rep\u00fablica Checa en una \u00e9poca de [&hellip;]<\/p>\n","protected":false},"author":1,"featured_media":17220,"parent":0,"menu_order":0,"comment_status":"closed","ping_status":"closed","template":"page-movie.php","meta":{"_acf_changed":false,"footnotes":""},"class_list":["post-18861","page","type-page","status-publish","has-post-thumbnail","hentry"],"acf":[],"_links":{"self":[{"href":"https:\/\/nextpicture.cz\/es\/wp-json\/wp\/v2\/pages\/18861"}],"collection":[{"href":"https:\/\/nextpicture.cz\/es\/wp-json\/wp\/v2\/pages"}],"about":[{"href":"https:\/\/nextpicture.cz\/es\/wp-json\/wp\/v2\/types\/page"}],"author":[{"embeddable":true,"href":"https:\/\/nextpicture.cz\/es\/wp-json\/wp\/v2\/users\/1"}],"replies":[{"embeddable":true,"href":"https:\/\/nextpicture.cz\/es\/wp-json\/wp\/v2\/comments?post=18861"}],"version-history":[{"count":1,"href":"https:\/\/nextpicture.cz\/es\/wp-json\/wp\/v2\/pages\/18861\/revisions"}],"predecessor-version":[{"id":19004,"href":"https:\/\/nextpicture.cz\/es\/wp-json\/wp\/v2\/pages\/18861\/revisions\/19004"}],"wp:featuredmedia":[{"embeddable":true,"href":"https:\/\/nextpicture.cz\/es\/wp-json\/wp\/v2\/media\/17220"}],"wp:attachment":[{"href":"https:\/\/nextpicture.cz\/es\/wp-json\/wp\/v2\/media?parent=18861"}],"curies":[{"name":"wp","href":"https:\/\/api.w.org\/{rel}","templated":true}]}}