{"id":3232,"date":"2016-11-07T18:42:14","date_gmt":"2016-11-07T16:42:14","guid":{"rendered":"https:\/\/nextpicture.cz\/o-nas-kontakt\/"},"modified":"2019-02-06T20:51:41","modified_gmt":"2019-02-06T18:51:41","slug":"o-nas-kontakt","status":"publish","type":"page","link":"https:\/\/nextpicture.cz\/en\/o-nas-kontakt\/","title":{"rendered":"About us \/ Contact"},"content":{"rendered":"<p><span lang=\"HR\">NEXT PICTURE is an association that focuses, among other things, on the production, creation, and distribution of films, theater performances and artistic events with\u00a0overlap\u00a0<\/span><span lang=\"HR\">into various cultures and subcultures. NEXT PICTURE was founded by director and producer Peter Serge Butko, cameraman Vojt\u011bch Honig and manager Eva Barto\u0161ov\u00e1 in 2013 in Prague.\u00a0 In its projects, NEXT PICTURE tries to capture and bring closer together the cultures, arts, and lives of various nations, to deepen their mutual understanding and in that sense carry out creative activities. Through its activities NEXT PICTURE wants to contribute to the elimination of barriers between ethnicities and cultures, to promote live art and to develop international cooperation and awareness. NEXT PICTURE also focuses on performing theater plays, realization of artistic events, exhibitions, concerts, and festivals, often in collaboration with artists from less developed countries. This website primarily focuses on NEXT PICTURE&#8217;s own projects, as well as on the projects of its members before the foundation of the association.<\/span><\/p>\n","protected":false},"excerpt":{"rendered":"<p>NEXT PICTURE is an association that focuses, among other things, on the production, creation, and distribution of films, theater performances and artistic events with\u00a0overlap\u00a0into various cultures and subcultures. NEXT PICTURE was founded by director and producer Peter Serge Butko, cameraman Vojt\u011bch Honig and manager Eva Barto\u0161ov\u00e1 in 2013 in Prague.\u00a0 In its projects, NEXT PICTURE [&hellip;]<\/p>\n","protected":false},"author":1,"featured_media":1907,"parent":0,"menu_order":0,"comment_status":"closed","ping_status":"closed","template":"page-contact.php","meta":{"_acf_changed":false,"footnotes":""},"class_list":["post-3232","page","type-page","status-publish","has-post-thumbnail","hentry"],"acf":[],"_links":{"self":[{"href":"https:\/\/nextpicture.cz\/en\/wp-json\/wp\/v2\/pages\/3232"}],"collection":[{"href":"https:\/\/nextpicture.cz\/en\/wp-json\/wp\/v2\/pages"}],"about":[{"href":"https:\/\/nextpicture.cz\/en\/wp-json\/wp\/v2\/types\/page"}],"author":[{"embeddable":true,"href":"https:\/\/nextpicture.cz\/en\/wp-json\/wp\/v2\/users\/1"}],"replies":[{"embeddable":true,"href":"https:\/\/nextpicture.cz\/en\/wp-json\/wp\/v2\/comments?post=3232"}],"version-history":[{"count":7,"href":"https:\/\/nextpicture.cz\/en\/wp-json\/wp\/v2\/pages\/3232\/revisions"}],"predecessor-version":[{"id":8288,"href":"https:\/\/nextpicture.cz\/en\/wp-json\/wp\/v2\/pages\/3232\/revisions\/8288"}],"wp:featuredmedia":[{"embeddable":true,"href":"https:\/\/nextpicture.cz\/en\/wp-json\/"}],"wp:attachment":[{"href":"https:\/\/nextpicture.cz\/en\/wp-json\/wp\/v2\/media?parent=3232"}],"curies":[{"name":"wp","href":"https:\/\/api.w.org\/{rel}","templated":true}]}}